{"id":36,"date":"2020-04-27T21:28:42","date_gmt":"2020-04-27T19:28:42","guid":{"rendered":"https:\/\/ryancv-demo.bslthemes.com\/?page_id=29"},"modified":"2023-02-13T15:29:58","modified_gmt":"2023-02-13T14:29:58","slug":"home-e-2","status":"publish","type":"page","link":"https:\/\/valentin-fautrel.com\/","title":{"rendered":"Valentin Fautrel"},"content":{"rendered":"\t\t<div data-elementor-type=\"wp-page\" data-elementor-id=\"36\" class=\"elementor elementor-36\" data-elementor-settings=\"[]\">\n\t\t\t\t\t\t\t<div class=\"elementor-section-wrap\">\n\t\t\t\t\t\t\t<section class=\"elementor-section elementor-top-section elementor-element elementor-element-1368f2f elementor-section-full_width elementor-section-height-default elementor-section-height-default\" data-id=\"1368f2f\" data-element_type=\"section\">\n\t\t\t\t\t\t<div class=\"elementor-container elementor-column-gap-no\">\n\t\t\t\t\t<div class=\"elementor-column elementor-col-100 elementor-top-column elementor-element elementor-element-8d69b8b\" data-id=\"8d69b8b\" data-element_type=\"column\">\n\t\t\t<div class=\"elementor-widget-wrap elementor-element-populated\">\n\t\t\t\t\t\t\t\t<div class=\"elementor-element elementor-element-b939dc4 elementor-widget elementor-widget-ryancv-about-me\" data-id=\"b939dc4\" data-element_type=\"widget\" data-widget_type=\"ryancv-about-me.default\">\n\t\t\t\t<div class=\"elementor-widget-container\">\n\t\t\t\n\t\t<!-- About -->\n\t\t<div class=\"content about\">\n\n\t\t\t\t\t\t<!-- title -->\n\t\t\t<div class=\"title\">\n\t\t\t\t<span >A propos de moi<\/span>\n\t\t\t<\/div>\n\t\t\t\n\t\t\t<!-- content -->\n\t\t\t<div class=\"row\">\n\t\t\t\t\n\t\t\t\t\t\t\t\t<div class=\"col col-d-6 col-t-12 col-m-12 border-line-v\">\n\t\t\t\t\t<div class=\"text-box\">\n\t\t\t\t\t\t<div ><h5>Bonjour ! Je suis Valentin.<\/h5>\n<p style=\"font-size: 15px\">Fort de 6 ans d'exp\u00e9rience en digital, ma sp\u00e9cialit\u00e9 : mettre en place et g\u00e9rer de A \u00e0 Z les projets SaaS et assurer le succ\u00e8s de vos clients grands comptes dans le but de les fid\u00e9liser et faire croitre votre chiffre d'affaires.<\/p><\/div>\n\t\t\t\t\t<\/div>\n\t\t\t\t<\/div>\n\t\t\t\t\n\t\t\t\t\t\t\t\t<div class=\"col col-d-6 col-t-12 col-m-12 border-line-v\">\n\t\t\t\t\t<div class=\"info-list\">\n\t\t\t\t\t\t<ul>\n\t\t\t\t\t\t\t\t\t\t\t\t\t\t<li>\n\t\t\t\t\t\t\t\t<strong>\n\t\t\t\t\t\t\t\t\t<span >\n\t\t\t\t\t\t\t\t\t\t\u00c2ge :\t\t\t\t\t\t\t\t\t<\/span>\n\t\t\t\t\t\t\t\t<\/strong>\n\t\t\t\t\t\t\t\t<span >\n\t\t\t\t\t\t\t\t\t29 ans\t\t\t\t\t\t\t\t<\/span>\n\t\t\t\t\t\t\t<\/li>\n\t\t\t\t\t\t\t\t\t\t\t\t\t\t<li>\n\t\t\t\t\t\t\t\t<strong>\n\t\t\t\t\t\t\t\t\t<span >\n\t\t\t\t\t\t\t\t\t\tLocalisation :\t\t\t\t\t\t\t\t\t<\/span>\n\t\t\t\t\t\t\t\t<\/strong>\n\t\t\t\t\t\t\t\t<span >\n\t\t\t\t\t\t\t\t\tParis, France\t\t\t\t\t\t\t\t<\/span>\n\t\t\t\t\t\t\t<\/li>\n\t\t\t\t\t\t\t\t\t\t\t\t\t\t<li>\n\t\t\t\t\t\t\t\t<strong>\n\t\t\t\t\t\t\t\t\t<span >\n\t\t\t\t\t\t\t\t\t\tM\u00e9tier :\t\t\t\t\t\t\t\t\t<\/span>\n\t\t\t\t\t\t\t\t<\/strong>\n\t\t\t\t\t\t\t\t<span >\n\t\t\t\t\t\t\t\t\tCustomer Success Manager\t\t\t\t\t\t\t\t<\/span>\n\t\t\t\t\t\t\t<\/li>\n\t\t\t\t\t\t\t\t\t\t\t\t\t\t<li>\n\t\t\t\t\t\t\t\t<strong>\n\t\t\t\t\t\t\t\t\t<span >\n\t\t\t\t\t\t\t\t\t\tStatut :\t\t\t\t\t\t\t\t\t<\/span>\n\t\t\t\t\t\t\t\t<\/strong>\n\t\t\t\t\t\t\t\t<span >\n\t\t\t\t\t\t\t\t\tCadre exp\u00e9riment\u00e9\t\t\t\t\t\t\t\t<\/span>\n\t\t\t\t\t\t\t<\/li>\n\t\t\t\t\t\t\t\t\t\t\t\t\t<\/ul>\n\t\t\t\t\t<\/div>\n\t\t\t\t<\/div>\n\t\t\t\t\t\t\t\t\n\t\t\t\t<div class=\"clear\"><\/div>\n\t\t\t<\/div>\n\n\t\t<\/div>\n\n\t\t\t\t<\/div>\n\t\t\t\t<\/div>\n\t\t\t\t\t<\/div>\n\t\t<\/div>\n\t\t\t\t\t\t\t<\/div>\n\t\t<\/section>\n\t\t\t\t<section class=\"elementor-section elementor-top-section elementor-element elementor-element-ac2a78f elementor-section-full_width elementor-section-height-default elementor-section-height-default\" data-id=\"ac2a78f\" data-element_type=\"section\">\n\t\t\t\t\t\t<div class=\"elementor-container elementor-column-gap-no\">\n\t\t\t\t\t<div class=\"elementor-column elementor-col-100 elementor-top-column elementor-element elementor-element-15d3f26\" data-id=\"15d3f26\" data-element_type=\"column\">\n\t\t\t<div class=\"elementor-widget-wrap elementor-element-populated\">\n\t\t\t\t\t\t\t\t<div class=\"elementor-element elementor-element-7412363 elementor-widget elementor-widget-ryancv-services\" data-id=\"7412363\" data-element_type=\"widget\" data-widget_type=\"ryancv-services.default\">\n\t\t\t\t<div class=\"elementor-widget-container\">\n\t\t\t\t\t\t\n\t\t<!-- Services -->\n\t\t<div class=\"content services\">\n\n\t\t\t\t\t\t<!-- title -->\n\t\t\t<div class=\"title\">\n\t\t\t\t<span >Mes services<\/span>\n\t\t\t<\/div>\n\t\t\t\n\t\t\t\t\t\t<!-- content -->\n\t\t\t<div class=\"row service-items border-line-v\">\n\n\t\t\t\t\t\t\t\t<!-- service item -->\n\t\t\t\t<div class=\"col col-d-6 col-t-6 col-m-12 border-line-h\">\n\t\t\t\t\t<div class=\"service-item\">\n\t\t\t\t\t\t\t\t\t\t\t\t\t<div class=\"icon\">\n\t\t\t\t\t\t\t\t<span class=\"fa fa-group\"><\/span>\n\t\t\t\t\t\t\t<\/div>\n\t\t\t\t\t\t\t\t\t\t\t\t\t\t\t\t\t\t\t<div class=\"name\">\n\t\t\t\t\t\t\t\t<span >\n\t\t\t\t\t\t\t\t\tGestion de portefeuille client\t\t\t\t\t\t\t\t<\/span>\n\t\t\t\t\t\t\t<\/div>\n\t\t\t\t\t\t\t\t\t\t\t\t\t\t\t\t\t\t\t<div class=\"desc\">\n\t\t\t\t\t\t\t\t<div >\n\t\t\t\t\t\t\t\t\t<p>Suivi du cycle de vente B2B, accompagnement et budget, u<span style=\"letter-spacing: 0em\">p &amp; cross-sell.<\/span><\/p>\t\t\t\t\t\t\t\t<\/div>\n\t\t\t\t\t\t\t<\/div>\n\t\t\t\t\t\t\t\t\t\t\t<\/div>\n\t\t\t\t<\/div>\n\t\t\t\t\t\t\t\t<!-- service item -->\n\t\t\t\t<div class=\"col col-d-6 col-t-6 col-m-12 border-line-h\">\n\t\t\t\t\t<div class=\"service-item\">\n\t\t\t\t\t\t\t\t\t\t\t\t\t<div class=\"icon\">\n\t\t\t\t\t\t\t\t<span class=\"fa fa-stack-overflow\"><\/span>\n\t\t\t\t\t\t\t<\/div>\n\t\t\t\t\t\t\t\t\t\t\t\t\t\t\t\t\t\t\t<div class=\"name\">\n\t\t\t\t\t\t\t\t<span >\n\t\t\t\t\t\t\t\t\tD\u00e9ploiement de projet digital\t\t\t\t\t\t\t\t<\/span>\n\t\t\t\t\t\t\t<\/div>\n\t\t\t\t\t\t\t\t\t\t\t\t\t\t\t\t\t\t\t<div class=\"desc\">\n\t\t\t\t\t\t\t\t<div >\n\t\t\t\t\t\t\t\t\t<p>Analyse des besoins, int\u00e9gration de solution, recette et mise en ligne.&nbsp;&nbsp;<\/p>\t\t\t\t\t\t\t\t<\/div>\n\t\t\t\t\t\t\t<\/div>\n\t\t\t\t\t\t\t\t\t\t\t<\/div>\n\t\t\t\t<\/div>\n\t\t\t\t\t\t\t\t<!-- service item -->\n\t\t\t\t<div class=\"col col-d-6 col-t-6 col-m-12 border-line-h\">\n\t\t\t\t\t<div class=\"service-item\">\n\t\t\t\t\t\t\t\t\t\t\t\t\t<div class=\"icon\">\n\t\t\t\t\t\t\t\t<span class=\"fa fa-star\"><\/span>\n\t\t\t\t\t\t\t<\/div>\n\t\t\t\t\t\t\t\t\t\t\t\t\t\t\t\t\t\t\t<div class=\"name\">\n\t\t\t\t\t\t\t\t<span >\n\t\t\t\t\t\t\t\t\tFid\u00e9lisation &amp; Renouvellement\t\t\t\t\t\t\t\t<\/span>\n\t\t\t\t\t\t\t<\/div>\n\t\t\t\t\t\t\t\t\t\t\t\t\t\t\t\t\t\t\t<div class=\"desc\">\n\t\t\t\t\t\t\t\t<div >\n\t\t\t\t\t\t\t\t\t<p>R\u00e9tention client, animation de communaut\u00e9, programme fid\u00e9lit\u00e9.&nbsp;<\/p>\t\t\t\t\t\t\t\t<\/div>\n\t\t\t\t\t\t\t<\/div>\n\t\t\t\t\t\t\t\t\t\t\t<\/div>\n\t\t\t\t<\/div>\n\t\t\t\t\t\t\t\t<!-- service item -->\n\t\t\t\t<div class=\"col col-d-6 col-t-6 col-m-12 border-line-h\">\n\t\t\t\t\t<div class=\"service-item\">\n\t\t\t\t\t\t\t\t\t\t\t\t\t<div class=\"icon\">\n\t\t\t\t\t\t\t\t<span class=\"fa fa-leanpub\"><\/span>\n\t\t\t\t\t\t\t<\/div>\n\t\t\t\t\t\t\t\t\t\t\t\t\t\t\t\t\t\t\t<div class=\"name\">\n\t\t\t\t\t\t\t\t<span >\n\t\t\t\t\t\t\t\t\tAccompagnement \u00e0 la formation\t\t\t\t\t\t\t\t<\/span>\n\t\t\t\t\t\t\t<\/div>\n\t\t\t\t\t\t\t\t\t\t\t\t\t\t\t\t\t\t\t<div class=\"desc\">\n\t\t\t\t\t\t\t\t<div >\n\t\t\t\t\t\t\t\t\t<p>Formation des \u00e9quipes, accompagnement \u00e0 l'utilisation d'outils, support.<\/p>\t\t\t\t\t\t\t\t<\/div>\n\t\t\t\t\t\t\t<\/div>\n\t\t\t\t\t\t\t\t\t\t\t<\/div>\n\t\t\t\t<\/div>\n\t\t\t\t\t\t\t<\/div>\n\t\t\t\n\t\t\t<div class=\"clear\"><\/div>\n\n\t\t\t\n\t\t<\/div>\n\t\t\n\t\t\t\t<\/div>\n\t\t\t\t<\/div>\n\t\t\t\t\t<\/div>\n\t\t<\/div>\n\t\t\t\t\t\t\t<\/div>\n\t\t<\/section>\n\t\t\t\t<section class=\"elementor-section elementor-top-section elementor-element elementor-element-18b4760 elementor-section-full_width elementor-section-height-default elementor-section-height-default\" data-id=\"18b4760\" data-element_type=\"section\">\n\t\t\t\t\t\t<div class=\"elementor-container elementor-column-gap-no\">\n\t\t\t\t\t<div class=\"elementor-column elementor-col-100 elementor-top-column elementor-element elementor-element-094a289\" data-id=\"094a289\" data-element_type=\"column\">\n\t\t\t<div class=\"elementor-widget-wrap elementor-element-populated\">\n\t\t\t\t\t\t\t\t<div class=\"elementor-element elementor-element-35e1624 elementor-widget elementor-widget-ryancv-fun-facts\" data-id=\"35e1624\" data-element_type=\"widget\" data-widget_type=\"ryancv-fun-facts.default\">\n\t\t\t\t<div class=\"elementor-widget-container\">\n\t\t\t\n\t\t<!-- Fun Fact -->\n\t\t<div class=\"content fuct\">\n\n\t\t\t\t\t\t<!-- title -->\n\t\t\t<div class=\"title\">\n\t\t\t\t<span >Quels avantages pour vous ?<\/span>\n\t\t\t<\/div>\n\t\t\t\n\t\t\t\t\t\t<!-- content -->\n\t\t\t<div class=\"row fuct-items\">\n\n\t\t\t\t\t\t\t\t<!-- fuct item -->\n\t\t\t\t<div class=\"col col-d-3 col-t-3 col-m-6 border-line-v\">\n\t\t\t\t\t<div class=\"fuct-item\">\n\t\t\t\t\t\t\t\t\t\t\t\t<div class=\"icon\">\n\t\t\t\t\t\t\t<span class=\"fa fa-smile-o\"><\/span>\n\t\t\t\t\t\t<\/div>\n\t\t\t\t\t\t\t\t\t\t\t\t\t\t\t\t\t\t<div class=\"name\">\n\t\t\t\t\t\t\t<span >\n\t\t\t\t\t\t\t\tOffrez la meilleure exp\u00e9rience client\t\t\t\t\t\t\t<\/span>\t\n\t\t\t\t\t\t<\/div>\n\t\t\t\t\t\t\t\t\t\t\t<\/div>\n\t\t\t\t<\/div>\n\t\t\t\t\t\t\t\t<!-- fuct item -->\n\t\t\t\t<div class=\"col col-d-3 col-t-3 col-m-6 border-line-v\">\n\t\t\t\t\t<div class=\"fuct-item\">\n\t\t\t\t\t\t\t\t\t\t\t\t<div class=\"icon\">\n\t\t\t\t\t\t\t<span class=\"fa fa-money\"><\/span>\n\t\t\t\t\t\t<\/div>\n\t\t\t\t\t\t\t\t\t\t\t\t\t\t\t\t\t\t<div class=\"name\">\n\t\t\t\t\t\t\t<span >\n\t\t\t\t\t\t\t\tAugmentez votre chiffre d'affaires\t\t\t\t\t\t\t<\/span>\t\n\t\t\t\t\t\t<\/div>\n\t\t\t\t\t\t\t\t\t\t\t<\/div>\n\t\t\t\t<\/div>\n\t\t\t\t\t\t\t\t<!-- fuct item -->\n\t\t\t\t<div class=\"col col-d-3 col-t-3 col-m-6 border-line-v\">\n\t\t\t\t\t<div class=\"fuct-item\">\n\t\t\t\t\t\t\t\t\t\t\t\t<div class=\"icon\">\n\t\t\t\t\t\t\t<span class=\"fa fa-globe\"><\/span>\n\t\t\t\t\t\t<\/div>\n\t\t\t\t\t\t\t\t\t\t\t\t\t\t\t\t\t\t<div class=\"name\">\n\t\t\t\t\t\t\t<span >\n\t\t\t\t\t\t\t\tG\u00e9rez des projets internationaux\t\t\t\t\t\t\t<\/span>\t\n\t\t\t\t\t\t<\/div>\n\t\t\t\t\t\t\t\t\t\t\t<\/div>\n\t\t\t\t<\/div>\n\t\t\t\t\t\t\t\t<!-- fuct item -->\n\t\t\t\t<div class=\"col col-d-3 col-t-3 col-m-6 border-line-v\">\n\t\t\t\t\t<div class=\"fuct-item\">\n\t\t\t\t\t\t\t\t\t\t\t\t<div class=\"icon\">\n\t\t\t\t\t\t\t<span class=\"fa fa-child\"><\/span>\n\t\t\t\t\t\t<\/div>\n\t\t\t\t\t\t\t\t\t\t\t\t\t\t\t\t\t\t<div class=\"name\">\n\t\t\t\t\t\t\t<span >\n\t\t\t\t\t\t\t\tMettez l'humain au coeur du digital\t\t\t\t\t\t\t<\/span>\t\n\t\t\t\t\t\t<\/div>\n\t\t\t\t\t\t\t\t\t\t\t<\/div>\n\t\t\t\t<\/div>\n\t\t\t\t\n\t\t\t\t<div class=\"clear\"><\/div>\n\t\t\t<\/div>\n\t\t\t\n\t\t<\/div>\n\t\t\n\t\t\t\t<\/div>\n\t\t\t\t<\/div>\n\t\t\t\t\t<\/div>\n\t\t<\/div>\n\t\t\t\t\t\t\t<\/div>\n\t\t<\/section>\n\t\t\t\t<section class=\"elementor-section elementor-top-section elementor-element elementor-element-0452329 elementor-section-full_width elementor-section-height-default elementor-section-height-default\" data-id=\"0452329\" data-element_type=\"section\">\n\t\t\t\t\t\t<div class=\"elementor-container elementor-column-gap-no\">\n\t\t\t\t\t<div class=\"elementor-column elementor-col-100 elementor-top-column elementor-element elementor-element-07fff22\" data-id=\"07fff22\" data-element_type=\"column\">\n\t\t\t<div class=\"elementor-widget-wrap elementor-element-populated\">\n\t\t\t\t\t\t\t\t<div class=\"elementor-element elementor-element-24493e4 elementor-widget elementor-widget-ryancv-clients\" data-id=\"24493e4\" data-element_type=\"widget\" data-widget_type=\"ryancv-clients.default\">\n\t\t\t\t<div class=\"elementor-widget-container\">\n\t\t\t\n\t\t<!-- Clients -->\n\t\t<div class=\"content clients\">\n\n\t\t\t\t\t\t<!-- title -->\n\t\t\t<div class=\"title\">\n\t\t\t\t<span >O\u00f9 j'ai v\u00e9cu ?<\/span>\n\t\t\t<\/div>\n\t\t\t\n\t\t\t\t\t<\/div>\n\n\t\t\t\t<\/div>\n\t\t\t\t<\/div>\n\t\t\t\t<div class=\"elementor-element elementor-element-b8eeffd elementor-widget elementor-widget-gallery\" data-id=\"b8eeffd\" data-element_type=\"widget\" data-settings=\"{&quot;columns&quot;:3,&quot;gap&quot;:{&quot;unit&quot;:&quot;px&quot;,&quot;size&quot;:1,&quot;sizes&quot;:[]},&quot;overlay_title&quot;:&quot;title&quot;,&quot;aspect_ratio&quot;:&quot;4:3&quot;,&quot;gallery_layout&quot;:&quot;grid&quot;,&quot;columns_tablet&quot;:2,&quot;columns_mobile&quot;:1,&quot;gap_tablet&quot;:{&quot;unit&quot;:&quot;px&quot;,&quot;size&quot;:10,&quot;sizes&quot;:[]},&quot;gap_mobile&quot;:{&quot;unit&quot;:&quot;px&quot;,&quot;size&quot;:10,&quot;sizes&quot;:[]},&quot;overlay_background&quot;:&quot;yes&quot;,&quot;content_hover_animation&quot;:&quot;fade-in&quot;}\" data-widget_type=\"gallery.default\">\n\t\t\t\t<div class=\"elementor-widget-container\">\n\t\t\t\t\t<div class=\"elementor-gallery__container\">\n\t\t\t\t\t\t\t<div class=\"e-gallery-item elementor-gallery-item elementor-animated-content\">\n\t\t\t\t\t<div class=\"e-gallery-image elementor-gallery-item__image\" data-thumbnail=\"https:\/\/valentin-fautrel.com\/wp-content\/uploads\/2022\/04\/Paris-1024x580-1-300x170.webp\" data-width=\"300\" data-height=\"170\" alt=\"\" ><\/div>\n\t\t\t\t\t\t\t\t\t\t<div class=\"elementor-gallery-item__overlay\"><\/div>\n\t\t\t\t\t\t\t\t\t\t\t\t\t\t\t<div class=\"elementor-gallery-item__content\">\n\t\t\t\t\t\t\t\t\t\t\t\t\t<div class=\"elementor-gallery-item__title\">Paris<\/div>\n\t\t\t\t\t\t\t\t\t\t\t\t<\/div>\n\t\t\t\t\t\t\t\t\t<\/div>\n\t\t\t\t\t\t\t<div class=\"e-gallery-item elementor-gallery-item elementor-animated-content\">\n\t\t\t\t\t<div class=\"e-gallery-image elementor-gallery-item__image\" data-thumbnail=\"https:\/\/valentin-fautrel.com\/wp-content\/uploads\/2022\/04\/Houston-1024x560-1-300x164.webp\" data-width=\"300\" data-height=\"164\" alt=\"\" ><\/div>\n\t\t\t\t\t\t\t\t\t\t<div class=\"elementor-gallery-item__overlay\"><\/div>\n\t\t\t\t\t\t\t\t\t\t\t\t\t\t\t<div class=\"elementor-gallery-item__content\">\n\t\t\t\t\t\t\t\t\t\t\t\t\t<div class=\"elementor-gallery-item__title\">Houston<\/div>\n\t\t\t\t\t\t\t\t\t\t\t\t<\/div>\n\t\t\t\t\t\t\t\t\t<\/div>\n\t\t\t\t\t\t\t<div class=\"e-gallery-item elementor-gallery-item elementor-animated-content\">\n\t\t\t\t\t<div class=\"e-gallery-image elementor-gallery-item__image\" data-thumbnail=\"https:\/\/valentin-fautrel.com\/wp-content\/uploads\/2022\/04\/Montreal-1-300x176.webp\" data-width=\"300\" data-height=\"176\" alt=\"\" ><\/div>\n\t\t\t\t\t\t\t\t\t\t<div class=\"elementor-gallery-item__overlay\"><\/div>\n\t\t\t\t\t\t\t\t\t\t\t\t\t\t\t<div class=\"elementor-gallery-item__content\">\n\t\t\t\t\t\t\t\t\t\t\t\t\t<div class=\"elementor-gallery-item__title\">Montreal<\/div>\n\t\t\t\t\t\t\t\t\t\t\t\t<\/div>\n\t\t\t\t\t\t\t\t\t<\/div>\n\t\t\t\t\t\t\t<div class=\"e-gallery-item elementor-gallery-item elementor-animated-content\">\n\t\t\t\t\t<div class=\"e-gallery-image elementor-gallery-item__image\" data-thumbnail=\"https:\/\/valentin-fautrel.com\/wp-content\/uploads\/2022\/04\/Bordeaux-1024x538-1-300x158.webp\" data-width=\"300\" data-height=\"158\" alt=\"\" ><\/div>\n\t\t\t\t\t\t\t\t\t\t<div class=\"elementor-gallery-item__overlay\"><\/div>\n\t\t\t\t\t\t\t\t\t\t\t\t\t\t\t<div class=\"elementor-gallery-item__content\">\n\t\t\t\t\t\t\t\t\t\t\t\t\t<div class=\"elementor-gallery-item__title\">Bordeaux<\/div>\n\t\t\t\t\t\t\t\t\t\t\t\t<\/div>\n\t\t\t\t\t\t\t\t\t<\/div>\n\t\t\t\t\t\t\t<div class=\"e-gallery-item elementor-gallery-item elementor-animated-content\">\n\t\t\t\t\t<div class=\"e-gallery-image elementor-gallery-item__image\" data-thumbnail=\"https:\/\/valentin-fautrel.com\/wp-content\/uploads\/2022\/04\/Strasbourg-1024x683-1-300x200.webp\" data-width=\"300\" data-height=\"200\" alt=\"\" ><\/div>\n\t\t\t\t\t\t\t\t\t\t<div class=\"elementor-gallery-item__overlay\"><\/div>\n\t\t\t\t\t\t\t\t\t\t\t\t\t\t\t<div class=\"elementor-gallery-item__content\">\n\t\t\t\t\t\t\t\t\t\t\t\t\t<div class=\"elementor-gallery-item__title\">Strasbourg<\/div>\n\t\t\t\t\t\t\t\t\t\t\t\t<\/div>\n\t\t\t\t\t\t\t\t\t<\/div>\n\t\t\t\t\t\t\t<div class=\"e-gallery-item elementor-gallery-item elementor-animated-content\">\n\t\t\t\t\t<div class=\"e-gallery-image elementor-gallery-item__image\" data-thumbnail=\"https:\/\/valentin-fautrel.com\/wp-content\/uploads\/2022\/04\/Orleans-1-300x168.webp\" data-width=\"300\" data-height=\"168\" alt=\"\" ><\/div>\n\t\t\t\t\t\t\t\t\t\t<div class=\"elementor-gallery-item__overlay\"><\/div>\n\t\t\t\t\t\t\t\t\t\t\t\t\t\t\t<div class=\"elementor-gallery-item__content\">\n\t\t\t\t\t\t\t\t\t\t\t\t\t<div class=\"elementor-gallery-item__title\">Orleans<\/div>\n\t\t\t\t\t\t\t\t\t\t\t\t<\/div>\n\t\t\t\t\t\t\t\t\t<\/div>\n\t\t\t\t\t<\/div>\n\t\t\t<\/div>\n\t\t\t\t<\/div>\n\t\t\t\t\t<\/div>\n\t\t<\/div>\n\t\t\t\t\t\t\t<\/div>\n\t\t<\/section>\n\t\t\t\t<section class=\"elementor-section elementor-top-section elementor-element elementor-element-9a087f5 elementor-section-full_width elementor-section-height-default elementor-section-height-default\" data-id=\"9a087f5\" data-element_type=\"section\">\n\t\t\t\t\t\t<div class=\"elementor-container elementor-column-gap-no\">\n\t\t\t\t\t<div class=\"elementor-column elementor-col-100 elementor-top-column elementor-element elementor-element-4dd5818\" data-id=\"4dd5818\" data-element_type=\"column\">\n\t\t\t<div class=\"elementor-widget-wrap elementor-element-populated\">\n\t\t\t\t\t\t\t\t<div class=\"elementor-element elementor-element-65ee1a1 elementor-widget elementor-widget-spacer\" data-id=\"65ee1a1\" data-element_type=\"widget\" data-widget_type=\"spacer.default\">\n\t\t\t\t<div class=\"elementor-widget-container\">\n\t\t\t\t\t<div class=\"elementor-spacer\">\n\t\t\t<div class=\"elementor-spacer-inner\"><\/div>\n\t\t<\/div>\n\t\t\t\t<\/div>\n\t\t\t\t<\/div>\n\t\t\t\t<div class=\"elementor-element elementor-element-0744a5a elementor-widget elementor-widget-ryancv-testimonials\" data-id=\"0744a5a\" data-element_type=\"widget\" data-widget_type=\"ryancv-testimonials.default\">\n\t\t\t\t<div class=\"elementor-widget-container\">\n\t\t\t\n\t\t<!-- Testimonials -->\n\n\t\t<div class=\"content testimonials\">\n\n\t\t\t\t\t\t<!-- title -->\n\t\t\t<div class=\"title\">\n\t\t\t\t<span >Anecdote<\/span>\n\t\t\t<\/div>\n\t\t\t\n\t\t\t\t\t\t<!-- content -->\n\t\t\t<div class=\"row testimonial-items\">\n\n\t\t\t\t<div class=\"col col-d-12 col-t-12 col-m-12 border-line-v\">\n\t\t\t\t\t<div class=\"revs-carousel dots-disabled\">\n\t\t\t\t\t\t<div class=\"swiper-container\" data-swiper-autoplay=\"\" data-swiper-delay=\"5000\" data-swiper-loop=\"\"><div class=\"swiper-wrapper\">\n\t\t\t\t\t\t\t\t\t\t\t\t\t\t<div class=\"swiper-slide\">\n\t\t\t\t\t\t\t\t<div class=\"revs-item\">\n\t\t\t\t\t\t\t\t\t\t\t\t\t\t\t\t\t\t<div class=\"text\">\n\t\t\t\t\t\t\t\t\t\t<div >\n\t\t\t\t\t\t\t\t\t\t\tEverything you get in success is about vision, hard working and surrounding yourself with good people.\t\t\t\t\t\t\t\t\t\t<\/div>\n\t\t\t\t\t\t\t\t\t<\/div>\n\t\t\t\t\t\t\t\t\t\t\t\t\t\t\t\t\t\t<div class=\"user\">\n\t\t\t\t\t\t\t\t\t\t\t\t\t\t\t\t\t\t\t\t<div class=\"img\">\n\t\t\t\t\t\t\t\t\t\t\t<img src=\"https:\/\/valentin-fautrel.com\/wp-content\/uploads\/2023\/02\/IMG_4406-copie-92x92.jpeg\" alt=\"Valentin Fautrel\" \/>\n\t\t\t\t\t\t\t\t\t\t<\/div>\n\t\t\t\t\t\t\t\t\t\t\t\t\t\t\t\t\t\t\t\t<div class=\"info\">\n\t\t\t\t\t\t\t\t\t\t\t\t\t\t\t\t\t\t\t\t\t\t<div class=\"name\">\n\t\t\t\t\t\t\t\t\t\t\t\t<span >\n\t\t\t\t\t\t\t\t\t\t\t\t\tValentin Fautrel\t\t\t\t\t\t\t\t\t\t\t\t<\/span>\n\t\t\t\t\t\t\t\t\t\t\t<\/div>\n\t\t\t\t\t\t\t\t\t\t\t\t\t\t\t\t\t\t\t\t\t\t\t\t\t\t\t\t\t\t\t\t\t<div class=\"company\">\n\t\t\t\t\t\t\t\t\t\t\t\t<span >\n\t\t\t\t\t\t\t\t\t\t\t\t\tCustomer Success Manager\t\t\t\t\t\t\t\t\t\t\t\t<\/span>\n\t\t\t\t\t\t\t\t\t\t\t<\/div>\n\t\t\t\t\t\t\t\t\t\t\t\t\t\t\t\t\t\t\t\t\t<\/div>\n\t\t\t\t\t\t\t\t\t\t<div class=\"clear\"><\/div>\n\t\t\t\t\t\t\t\t\t<\/div>\n\t\t\t\t\t\t\t\t<\/div>\n\t\t\t\t\t\t\t<\/div>\n\t\t\t\t\t\t\t\t\t\t\t\t\t<\/div><\/div>\n\t\t\t\t\t\t<div class=\"swiper-pagination\"><\/div>\n\t\t\t\t\t<\/div>\n\t\t\t\t<\/div>\n\n\t\t\t\t<div class=\"clear\"><\/div>\n\t\t\t<\/div>\n\t\t\t\t\t<\/div>\n\n\t\t\t\t<\/div>\n\t\t\t\t<\/div>\n\t\t\t\t\t<\/div>\n\t\t<\/div>\n\t\t\t\t\t\t\t<\/div>\n\t\t<\/section>\n\t\t\t\t\t\t<\/div>\n\t\t\t\t\t<\/div>\n\t\t","protected":false},"excerpt":{"rendered":"<p>A propos de moi Bonjour ! Je suis Valentin. Fort de 6 ans d&rsquo;exp\u00e9rience en digital, ma sp\u00e9cialit\u00e9 : mettre&#8230;<\/p>\n","protected":false},"author":1,"featured_media":0,"parent":0,"menu_order":0,"comment_status":"closed","ping_status":"closed","template":"template-elementor-builder.php","meta":{"_mi_skip_tracking":false},"aioseo_notices":[],"yoast_head":"<!-- This site is optimized with the Yoast SEO plugin v17.8 - https:\/\/yoast.com\/wordpress\/plugins\/seo\/ -->\n<title>Valentin Fautrel - Customer Success Manager<\/title>\n<meta name=\"robots\" content=\"index, follow, max-snippet:-1, max-image-preview:large, max-video-preview:-1\" \/>\n<link rel=\"canonical\" href=\"https:\/\/valentin-fautrel.com\/\" \/>\n<meta property=\"og:locale\" content=\"fr_FR\" \/>\n<meta property=\"og:type\" content=\"article\" \/>\n<meta property=\"og:title\" content=\"Valentin Fautrel - Customer Success Manager\" \/>\n<meta property=\"og:description\" content=\"A propos de moi Bonjour ! Je suis Valentin. Fort de 6 ans d&rsquo;exp\u00e9rience en digital, ma sp\u00e9cialit\u00e9 : mettre...\" \/>\n<meta property=\"og:url\" content=\"https:\/\/valentin-fautrel.com\/\" \/>\n<meta property=\"og:site_name\" content=\"Customer Success Manager\" \/>\n<meta property=\"article:modified_time\" content=\"2023-02-13T14:29:58+00:00\" \/>\n<meta property=\"og:image\" content=\"http:\/\/valentin-fautrel.com\/wp-content\/uploads\/2023\/02\/IMG_4406-copie-92x92.jpeg\" \/>\n<meta name=\"twitter:card\" content=\"summary_large_image\" \/>\n<meta name=\"twitter:label1\" content=\"Dur\u00e9e de lecture estim\u00e9e\" \/>\n\t<meta name=\"twitter:data1\" content=\"2 minutes\" \/>\n<script type=\"application\/ld+json\" class=\"yoast-schema-graph\">{\"@context\":\"https:\/\/schema.org\",\"@graph\":[{\"@type\":\"WebSite\",\"@id\":\"https:\/\/valentin-fautrel.com\/#website\",\"url\":\"https:\/\/valentin-fautrel.com\/\",\"name\":\"Customer Success Manager\",\"description\":\"Customer Success Manager\",\"potentialAction\":[{\"@type\":\"SearchAction\",\"target\":{\"@type\":\"EntryPoint\",\"urlTemplate\":\"https:\/\/valentin-fautrel.com\/?s={search_term_string}\"},\"query-input\":\"required name=search_term_string\"}],\"inLanguage\":\"fr-FR\"},{\"@type\":\"ImageObject\",\"@id\":\"https:\/\/valentin-fautrel.com\/#primaryimage\",\"inLanguage\":\"fr-FR\",\"url\":\"http:\/\/valentin-fautrel.com\/wp-content\/uploads\/2023\/02\/IMG_4406-copie-92x92.jpeg\",\"contentUrl\":\"http:\/\/valentin-fautrel.com\/wp-content\/uploads\/2023\/02\/IMG_4406-copie-92x92.jpeg\"},{\"@type\":\"WebPage\",\"@id\":\"https:\/\/valentin-fautrel.com\/#webpage\",\"url\":\"https:\/\/valentin-fautrel.com\/\",\"name\":\"Valentin Fautrel - Customer Success Manager\",\"isPartOf\":{\"@id\":\"https:\/\/valentin-fautrel.com\/#website\"},\"primaryImageOfPage\":{\"@id\":\"https:\/\/valentin-fautrel.com\/#primaryimage\"},\"datePublished\":\"2020-04-27T19:28:42+00:00\",\"dateModified\":\"2023-02-13T14:29:58+00:00\",\"breadcrumb\":{\"@id\":\"https:\/\/valentin-fautrel.com\/#breadcrumb\"},\"inLanguage\":\"fr-FR\",\"potentialAction\":[{\"@type\":\"ReadAction\",\"target\":[\"https:\/\/valentin-fautrel.com\/\"]}]},{\"@type\":\"BreadcrumbList\",\"@id\":\"https:\/\/valentin-fautrel.com\/#breadcrumb\",\"itemListElement\":[{\"@type\":\"ListItem\",\"position\":1,\"name\":\"Accueil\",\"item\":\"https:\/\/valentin-fautrel.com\/\"},{\"@type\":\"ListItem\",\"position\":2,\"name\":\"Valentin Fautrel\"}]}]}<\/script>\n<!-- \/ Yoast SEO plugin. -->","yoast_head_json":{"title":"Valentin Fautrel - Customer Success Manager","robots":{"index":"index","follow":"follow","max-snippet":"max-snippet:-1","max-image-preview":"max-image-preview:large","max-video-preview":"max-video-preview:-1"},"canonical":"https:\/\/valentin-fautrel.com\/","og_locale":"fr_FR","og_type":"article","og_title":"Valentin Fautrel - Customer Success Manager","og_description":"A propos de moi Bonjour ! Je suis Valentin. Fort de 6 ans d&rsquo;exp\u00e9rience en digital, ma sp\u00e9cialit\u00e9 : mettre...","og_url":"https:\/\/valentin-fautrel.com\/","og_site_name":"Customer Success Manager","article_modified_time":"2023-02-13T14:29:58+00:00","og_image":[{"url":"http:\/\/valentin-fautrel.com\/wp-content\/uploads\/2023\/02\/IMG_4406-copie-92x92.jpeg"}],"twitter_card":"summary_large_image","twitter_misc":{"Dur\u00e9e de lecture estim\u00e9e":"2 minutes"},"schema":{"@context":"https:\/\/schema.org","@graph":[{"@type":"WebSite","@id":"https:\/\/valentin-fautrel.com\/#website","url":"https:\/\/valentin-fautrel.com\/","name":"Customer Success Manager","description":"Customer Success Manager","potentialAction":[{"@type":"SearchAction","target":{"@type":"EntryPoint","urlTemplate":"https:\/\/valentin-fautrel.com\/?s={search_term_string}"},"query-input":"required name=search_term_string"}],"inLanguage":"fr-FR"},{"@type":"ImageObject","@id":"https:\/\/valentin-fautrel.com\/#primaryimage","inLanguage":"fr-FR","url":"http:\/\/valentin-fautrel.com\/wp-content\/uploads\/2023\/02\/IMG_4406-copie-92x92.jpeg","contentUrl":"http:\/\/valentin-fautrel.com\/wp-content\/uploads\/2023\/02\/IMG_4406-copie-92x92.jpeg"},{"@type":"WebPage","@id":"https:\/\/valentin-fautrel.com\/#webpage","url":"https:\/\/valentin-fautrel.com\/","name":"Valentin Fautrel - Customer Success Manager","isPartOf":{"@id":"https:\/\/valentin-fautrel.com\/#website"},"primaryImageOfPage":{"@id":"https:\/\/valentin-fautrel.com\/#primaryimage"},"datePublished":"2020-04-27T19:28:42+00:00","dateModified":"2023-02-13T14:29:58+00:00","breadcrumb":{"@id":"https:\/\/valentin-fautrel.com\/#breadcrumb"},"inLanguage":"fr-FR","potentialAction":[{"@type":"ReadAction","target":["https:\/\/valentin-fautrel.com\/"]}]},{"@type":"BreadcrumbList","@id":"https:\/\/valentin-fautrel.com\/#breadcrumb","itemListElement":[{"@type":"ListItem","position":1,"name":"Accueil","item":"https:\/\/valentin-fautrel.com\/"},{"@type":"ListItem","position":2,"name":"Valentin Fautrel"}]}]}},"_links":{"self":[{"href":"https:\/\/valentin-fautrel.com\/index.php\/wp-json\/wp\/v2\/pages\/36"}],"collection":[{"href":"https:\/\/valentin-fautrel.com\/index.php\/wp-json\/wp\/v2\/pages"}],"about":[{"href":"https:\/\/valentin-fautrel.com\/index.php\/wp-json\/wp\/v2\/types\/page"}],"author":[{"embeddable":true,"href":"https:\/\/valentin-fautrel.com\/index.php\/wp-json\/wp\/v2\/users\/1"}],"replies":[{"embeddable":true,"href":"https:\/\/valentin-fautrel.com\/index.php\/wp-json\/wp\/v2\/comments?post=36"}],"version-history":[{"count":6,"href":"https:\/\/valentin-fautrel.com\/index.php\/wp-json\/wp\/v2\/pages\/36\/revisions"}],"predecessor-version":[{"id":912,"href":"https:\/\/valentin-fautrel.com\/index.php\/wp-json\/wp\/v2\/pages\/36\/revisions\/912"}],"wp:attachment":[{"href":"https:\/\/valentin-fautrel.com\/index.php\/wp-json\/wp\/v2\/media?parent=36"}],"curies":[{"name":"wp","href":"https:\/\/api.w.org\/{rel}","templated":true}]}}