{"id":46,"date":"2020-04-28T15:14:00","date_gmt":"2020-04-28T13:14:00","guid":{"rendered":"https:\/\/ryancv-demo.bslthemes.com\/?page_id=46"},"modified":"2022-08-27T04:34:06","modified_gmt":"2022-08-27T02:34:06","slug":"works-e-2","status":"publish","type":"page","link":"https:\/\/valentin-fautrel.com\/index.php\/works-e-2\/","title":{"rendered":"(fr) Travaux"},"content":{"rendered":"\t\t<div data-elementor-type=\"wp-page\" data-elementor-id=\"46\" class=\"elementor elementor-46\" data-elementor-settings=\"[]\">\n\t\t\t\t\t\t\t<div class=\"elementor-section-wrap\">\n\t\t\t\t\t\t\t<section class=\"elementor-section elementor-top-section elementor-element elementor-element-484379f elementor-section-full_width elementor-section-height-default elementor-section-height-default\" data-id=\"484379f\" data-element_type=\"section\">\n\t\t\t\t\t\t<div class=\"elementor-container elementor-column-gap-no\">\n\t\t\t\t\t<div class=\"elementor-column elementor-col-100 elementor-top-column elementor-element elementor-element-f31adcd\" data-id=\"f31adcd\" data-element_type=\"column\">\n\t\t\t<div class=\"elementor-widget-wrap elementor-element-populated\">\n\t\t\t\t\t\t\t\t<div class=\"elementor-element elementor-element-91b90f8 elementor-widget elementor-widget-ryancv-portfolio\" data-id=\"91b90f8\" data-element_type=\"widget\" data-widget_type=\"ryancv-portfolio.default\">\n\t\t\t\t<div class=\"elementor-widget-container\">\n\t\t\t\n\t\t<!-- Works -->\n\t\t<div class=\"content works\">\n\n\t\t\t\t\t\t<!-- title -->\n\t\t\t<div class=\"title\">\n\t\t\t\t<span >Travaux<\/span>\n\t\t\t<\/div>\n\t\t\t\n\t\t\t\t\t\t<!-- filters -->\n\t\t\t<div class=\"filter-menu filter-button-group\">\n\t\t\t\t<div class=\"f_btn active\">\n\t\t\t\t\t<label><input type=\"radio\" name=\"fl_radio\" value=\".grid-item\" \/>All<\/label>\n\t\t\t\t<\/div>\n\t\t\t\t\t\t\t\t<div class=\"f_btn\">\n\t\t\t\t\t<label><input type=\"radio\" name=\"fl_radio\" value=\".f-lean\" \/>Lean<\/label>\n\t\t\t\t<\/div>\n\t\t\t\t\t\t\t\t<div class=\"f_btn\">\n\t\t\t\t\t<label><input type=\"radio\" name=\"fl_radio\" value=\".f-engagement\" \/>Engagement<\/label>\n\t\t\t\t<\/div>\n\t\t\t\t\t\t\t\t<div class=\"f_btn\">\n\t\t\t\t\t<label><input type=\"radio\" name=\"fl_radio\" value=\".f-digital\" \/>Digital<\/label>\n\t\t\t\t<\/div>\n\t\t\t\t\t\t\t\t<div class=\"f_btn\">\n\t\t\t\t\t<label><input type=\"radio\" name=\"fl_radio\" value=\".f-data\" \/>Data<\/label>\n\t\t\t\t<\/div>\n\t\t\t\t\t\t\t<\/div>\n\t\t\t\n\t\t\t\t\t\t<!-- content -->\n\t\t\t<div class=\"row grid-items border-line-v\">\n\n\t\t\t\t\t\t\t\t\n\t\t\t\t<!-- work item -->\n\t\t\t\t<div class=\"col col-d-6 col-t-6 col-m-12 border-line-h grid-item f-engagement \">\n\t\t\t\t\t<div class=\"box-item\">\n\t\t\t\t\t\t<div class=\"image\">\n\t\t\t\t\t\t\t\t\t\t\t\t\t\t\t<a href=\"#popup-536\" class=\"has-popup-media\">\n\t\t\t\t\t\t\t\t\t<img width=\"600\" height=\"375\" src=\"https:\/\/valentin-fautrel.com\/wp-content\/uploads\/2021\/02\/CustomerEngagement-600x375.jpg\" class=\"attachment-ryancv_600xauto size-ryancv_600xauto wp-post-image\" alt=\"\" loading=\"lazy\" srcset=\"https:\/\/valentin-fautrel.com\/wp-content\/uploads\/2021\/02\/CustomerEngagement-600x375.jpg 600w, https:\/\/valentin-fautrel.com\/wp-content\/uploads\/2021\/02\/CustomerEngagement-300x188.jpg 300w, https:\/\/valentin-fautrel.com\/wp-content\/uploads\/2021\/02\/CustomerEngagement-1024x640.jpg 1024w, https:\/\/valentin-fautrel.com\/wp-content\/uploads\/2021\/02\/CustomerEngagement-768x480.jpg 768w, https:\/\/valentin-fautrel.com\/wp-content\/uploads\/2021\/02\/CustomerEngagement.jpg 1040w\" sizes=\"(max-width: 600px) 100vw, 600px\" \/>\t\t\t\t\t\t\t\t\t<span class=\"info\">\n\t\t\t\t\t\t\t\t\t\t<span class=\"ion fas fa-plus\"><\/span>\n\t\t\t\t\t\t\t\t\t<\/span>\n\t\t\t\t\t\t\t\t<\/a>\n\t\t\t\t\t\t\t\t\t\t\t\t\t\t\t\t\t\t\t\t\t<\/div>\n\t\t\t\t\t\t<div class=\"desc\">\n\t\t\t\t\t\t\t\t\t\t\t\t\t\t\t<a href=\"https:\/\/valentin-fautrel.com\/index.php\/portfolio-archive\/engagement-plan\/\" class=\"name\">Plan d&rsquo;engagement client<\/a>\n\t\t\t\t\t\t\t\n\t\t\t\t\t\t\t\t\t\t\t\t\t\t\t<div class=\"category\">Engagement <\/div>\n\t\t\t\t\t\t\t\t\t\t\t\t\t<\/div>\n\n\t\t\t\t\t\t\t\t\t\t\t\t<div id=\"popup-536\" class=\"popup-box mfp-fade mfp-hide\">\n\t\t\t\t\t\t\t<div class=\"content\">\n\t\t\t\t\t\t\t\t<div class=\"preloader-popup\">\n\t\t\t\t\t\t\t\t\t<div class=\"centrize full-width\">\n\t\t\t\t\t\t\t\t\t\t<div class=\"vertical-center\">\n\t\t\t\t\t\t\t\t\t\t\t<div class=\"spinner default-circle\"><\/div>\n\t\t\t\t\t\t\t\t\t\t<\/div>\n\t\t\t\t\t\t\t\t\t<\/div>\n\t\t\t\t\t\t\t\t<\/div>\n\t\t\t\t\t\t\t<\/div>\n\t\t\t\t\t\t<\/div>\n\t\t\t\t\t\t\t\t\t\t\t<\/div>\n\t\t\t\t<\/div>\n\t\t\t\t\t\t\t\t\n\t\t\t\t<!-- work item -->\n\t\t\t\t<div class=\"col col-d-6 col-t-6 col-m-12 border-line-h grid-item f-lean \">\n\t\t\t\t\t<div class=\"box-item\">\n\t\t\t\t\t\t<div class=\"image\">\n\t\t\t\t\t\t\t\t\t\t\t\t\t\t\t<a href=\"#popup-538\" class=\"has-popup-media\">\n\t\t\t\t\t\t\t\t\t<img width=\"512\" height=\"320\" src=\"https:\/\/valentin-fautrel.com\/wp-content\/uploads\/2021\/02\/process1.jpg\" class=\"attachment-ryancv_600xauto size-ryancv_600xauto wp-post-image\" alt=\"\" loading=\"lazy\" srcset=\"https:\/\/valentin-fautrel.com\/wp-content\/uploads\/2021\/02\/process1.jpg 512w, https:\/\/valentin-fautrel.com\/wp-content\/uploads\/2021\/02\/process1-300x188.jpg 300w\" sizes=\"(max-width: 512px) 100vw, 512px\" \/>\t\t\t\t\t\t\t\t\t<span class=\"info\">\n\t\t\t\t\t\t\t\t\t\t<span class=\"ion fas fa-plus\"><\/span>\n\t\t\t\t\t\t\t\t\t<\/span>\n\t\t\t\t\t\t\t\t<\/a>\n\t\t\t\t\t\t\t\t\t\t\t\t\t\t\t\t\t\t\t\t\t<\/div>\n\t\t\t\t\t\t<div class=\"desc\">\n\t\t\t\t\t\t\t\t\t\t\t\t\t\t\t<a href=\"https:\/\/valentin-fautrel.com\/index.php\/portfolio-archive\/process\/\" class=\"name\">Refonte de process<\/a>\n\t\t\t\t\t\t\t\n\t\t\t\t\t\t\t\t\t\t\t\t\t\t\t<div class=\"category\">Lean <\/div>\n\t\t\t\t\t\t\t\t\t\t\t\t\t<\/div>\n\n\t\t\t\t\t\t\t\t\t\t\t\t<div id=\"popup-538\" class=\"popup-box mfp-fade mfp-hide\">\n\t\t\t\t\t\t\t<div class=\"content\">\n\t\t\t\t\t\t\t\t<div class=\"preloader-popup\">\n\t\t\t\t\t\t\t\t\t<div class=\"centrize full-width\">\n\t\t\t\t\t\t\t\t\t\t<div class=\"vertical-center\">\n\t\t\t\t\t\t\t\t\t\t\t<div class=\"spinner default-circle\"><\/div>\n\t\t\t\t\t\t\t\t\t\t<\/div>\n\t\t\t\t\t\t\t\t\t<\/div>\n\t\t\t\t\t\t\t\t<\/div>\n\t\t\t\t\t\t\t<\/div>\n\t\t\t\t\t\t<\/div>\n\t\t\t\t\t\t\t\t\t\t\t<\/div>\n\t\t\t\t<\/div>\n\t\t\t\t\t\t\t\t\n\t\t\t\t<!-- work item -->\n\t\t\t\t<div class=\"col col-d-6 col-t-6 col-m-12 border-line-h grid-item f-digital \">\n\t\t\t\t\t<div class=\"box-item\">\n\t\t\t\t\t\t<div class=\"image\">\n\t\t\t\t\t\t\t\t\t\t\t\t\t\t\t<a href=\"#popup-540\" class=\"has-popup-media\">\n\t\t\t\t\t\t\t\t\t<img width=\"512\" height=\"320\" src=\"https:\/\/valentin-fautrel.com\/wp-content\/uploads\/2021\/02\/SAAS.jpg\" class=\"attachment-ryancv_600xauto size-ryancv_600xauto wp-post-image\" alt=\"\" loading=\"lazy\" srcset=\"https:\/\/valentin-fautrel.com\/wp-content\/uploads\/2021\/02\/SAAS.jpg 512w, https:\/\/valentin-fautrel.com\/wp-content\/uploads\/2021\/02\/SAAS-300x188.jpg 300w\" sizes=\"(max-width: 512px) 100vw, 512px\" \/>\t\t\t\t\t\t\t\t\t<span class=\"info\">\n\t\t\t\t\t\t\t\t\t\t<span class=\"ion fas fa-plus\"><\/span>\n\t\t\t\t\t\t\t\t\t<\/span>\n\t\t\t\t\t\t\t\t<\/a>\n\t\t\t\t\t\t\t\t\t\t\t\t\t\t\t\t\t\t\t\t\t<\/div>\n\t\t\t\t\t\t<div class=\"desc\">\n\t\t\t\t\t\t\t\t\t\t\t\t\t\t\t<a href=\"https:\/\/valentin-fautrel.com\/index.php\/portfolio-archive\/sass-platform\/\" class=\"name\">Am\u00e9lioration de plateforme SaaS<\/a>\n\t\t\t\t\t\t\t\n\t\t\t\t\t\t\t\t\t\t\t\t\t\t\t<div class=\"category\">Digital <\/div>\n\t\t\t\t\t\t\t\t\t\t\t\t\t<\/div>\n\n\t\t\t\t\t\t\t\t\t\t\t\t<div id=\"popup-540\" class=\"popup-box mfp-fade mfp-hide\">\n\t\t\t\t\t\t\t<div class=\"content\">\n\t\t\t\t\t\t\t\t<div class=\"preloader-popup\">\n\t\t\t\t\t\t\t\t\t<div class=\"centrize full-width\">\n\t\t\t\t\t\t\t\t\t\t<div class=\"vertical-center\">\n\t\t\t\t\t\t\t\t\t\t\t<div class=\"spinner default-circle\"><\/div>\n\t\t\t\t\t\t\t\t\t\t<\/div>\n\t\t\t\t\t\t\t\t\t<\/div>\n\t\t\t\t\t\t\t\t<\/div>\n\t\t\t\t\t\t\t<\/div>\n\t\t\t\t\t\t<\/div>\n\t\t\t\t\t\t\t\t\t\t\t<\/div>\n\t\t\t\t<\/div>\n\t\t\t\t\t\t\t\t\n\t\t\t\t<!-- work item -->\n\t\t\t\t<div class=\"col col-d-6 col-t-6 col-m-12 border-line-h grid-item f-data \">\n\t\t\t\t\t<div class=\"box-item\">\n\t\t\t\t\t\t<div class=\"image\">\n\t\t\t\t\t\t\t\t\t\t\t\t\t\t\t<a href=\"#popup-542\" class=\"has-popup-media\">\n\t\t\t\t\t\t\t\t\t<img width=\"600\" height=\"362\" src=\"https:\/\/valentin-fautrel.com\/wp-content\/uploads\/2021\/02\/kpi-600x362.jpg\" class=\"attachment-ryancv_600xauto size-ryancv_600xauto wp-post-image\" alt=\"\" loading=\"lazy\" srcset=\"https:\/\/valentin-fautrel.com\/wp-content\/uploads\/2021\/02\/kpi-600x362.jpg 600w, https:\/\/valentin-fautrel.com\/wp-content\/uploads\/2021\/02\/kpi-300x181.jpg 300w, https:\/\/valentin-fautrel.com\/wp-content\/uploads\/2021\/02\/kpi-1024x618.jpg 1024w, https:\/\/valentin-fautrel.com\/wp-content\/uploads\/2021\/02\/kpi-768x464.jpg 768w, https:\/\/valentin-fautrel.com\/wp-content\/uploads\/2021\/02\/kpi.jpg 1125w\" sizes=\"(max-width: 600px) 100vw, 600px\" \/>\t\t\t\t\t\t\t\t\t<span class=\"info\">\n\t\t\t\t\t\t\t\t\t\t<span class=\"ion fas fa-plus\"><\/span>\n\t\t\t\t\t\t\t\t\t<\/span>\n\t\t\t\t\t\t\t\t<\/a>\n\t\t\t\t\t\t\t\t\t\t\t\t\t\t\t\t\t\t\t\t\t<\/div>\n\t\t\t\t\t\t<div class=\"desc\">\n\t\t\t\t\t\t\t\t\t\t\t\t\t\t\t<a href=\"https:\/\/valentin-fautrel.com\/index.php\/portfolio-archive\/kpi\/\" class=\"name\">Mise en place de KPIs<\/a>\n\t\t\t\t\t\t\t\n\t\t\t\t\t\t\t\t\t\t\t\t\t\t\t<div class=\"category\">Data <\/div>\n\t\t\t\t\t\t\t\t\t\t\t\t\t<\/div>\n\n\t\t\t\t\t\t\t\t\t\t\t\t<div id=\"popup-542\" class=\"popup-box mfp-fade mfp-hide\">\n\t\t\t\t\t\t\t<div class=\"content\">\n\t\t\t\t\t\t\t\t<div class=\"preloader-popup\">\n\t\t\t\t\t\t\t\t\t<div class=\"centrize full-width\">\n\t\t\t\t\t\t\t\t\t\t<div class=\"vertical-center\">\n\t\t\t\t\t\t\t\t\t\t\t<div class=\"spinner default-circle\"><\/div>\n\t\t\t\t\t\t\t\t\t\t<\/div>\n\t\t\t\t\t\t\t\t\t<\/div>\n\t\t\t\t\t\t\t\t<\/div>\n\t\t\t\t\t\t\t<\/div>\n\t\t\t\t\t\t<\/div>\n\t\t\t\t\t\t\t\t\t\t\t<\/div>\n\t\t\t\t<\/div>\n\t\t\t\t\t\t\t\t\n\t\t\t\t<!-- work item -->\n\t\t\t\t<div class=\"col col-d-6 col-t-6 col-m-12 border-line-h grid-item f-engagement \">\n\t\t\t\t\t<div class=\"box-item\">\n\t\t\t\t\t\t<div class=\"image\">\n\t\t\t\t\t\t\t\t\t\t\t\t\t\t\t<a href=\"#popup-544\" class=\"has-popup-media\">\n\t\t\t\t\t\t\t\t\t<img width=\"600\" height=\"360\" src=\"https:\/\/valentin-fautrel.com\/wp-content\/uploads\/2021\/02\/train-600x360.jpg\" class=\"attachment-ryancv_600xauto size-ryancv_600xauto wp-post-image\" alt=\"\" loading=\"lazy\" srcset=\"https:\/\/valentin-fautrel.com\/wp-content\/uploads\/2021\/02\/train-600x360.jpg 600w, https:\/\/valentin-fautrel.com\/wp-content\/uploads\/2021\/02\/train-300x180.jpg 300w, https:\/\/valentin-fautrel.com\/wp-content\/uploads\/2021\/02\/train-1024x614.jpg 1024w, https:\/\/valentin-fautrel.com\/wp-content\/uploads\/2021\/02\/train-768x461.jpg 768w, https:\/\/valentin-fautrel.com\/wp-content\/uploads\/2021\/02\/train-1536x922.jpg 1536w, https:\/\/valentin-fautrel.com\/wp-content\/uploads\/2021\/02\/train-2048x1229.jpg 2048w\" sizes=\"(max-width: 600px) 100vw, 600px\" \/>\t\t\t\t\t\t\t\t\t<span class=\"info\">\n\t\t\t\t\t\t\t\t\t\t<span class=\"ion fas fa-plus\"><\/span>\n\t\t\t\t\t\t\t\t\t<\/span>\n\t\t\t\t\t\t\t\t<\/a>\n\t\t\t\t\t\t\t\t\t\t\t\t\t\t\t\t\t\t\t\t\t<\/div>\n\t\t\t\t\t\t<div class=\"desc\">\n\t\t\t\t\t\t\t\t\t\t\t\t\t\t\t<a href=\"https:\/\/valentin-fautrel.com\/index.php\/portfolio-archive\/training\/\" class=\"name\">Plan de formation<\/a>\n\t\t\t\t\t\t\t\n\t\t\t\t\t\t\t\t\t\t\t\t\t\t\t<div class=\"category\">Engagement <\/div>\n\t\t\t\t\t\t\t\t\t\t\t\t\t<\/div>\n\n\t\t\t\t\t\t\t\t\t\t\t\t<div id=\"popup-544\" class=\"popup-box mfp-fade mfp-hide\">\n\t\t\t\t\t\t\t<div class=\"content\">\n\t\t\t\t\t\t\t\t<div class=\"preloader-popup\">\n\t\t\t\t\t\t\t\t\t<div class=\"centrize full-width\">\n\t\t\t\t\t\t\t\t\t\t<div class=\"vertical-center\">\n\t\t\t\t\t\t\t\t\t\t\t<div class=\"spinner default-circle\"><\/div>\n\t\t\t\t\t\t\t\t\t\t<\/div>\n\t\t\t\t\t\t\t\t\t<\/div>\n\t\t\t\t\t\t\t\t<\/div>\n\t\t\t\t\t\t\t<\/div>\n\t\t\t\t\t\t<\/div>\n\t\t\t\t\t\t\t\t\t\t\t<\/div>\n\t\t\t\t<\/div>\n\t\t\t\t\t\t\t\t\n\t\t\t\t<!-- work item -->\n\t\t\t\t<div class=\"col col-d-6 col-t-6 col-m-12 border-line-h grid-item f-engagement \">\n\t\t\t\t\t<div class=\"box-item\">\n\t\t\t\t\t\t<div class=\"image\">\n\t\t\t\t\t\t\t\t\t\t\t\t\t\t\t<a href=\"#popup-547\" class=\"has-popup-media\">\n\t\t\t\t\t\t\t\t\t<img width=\"600\" height=\"500\" src=\"https:\/\/valentin-fautrel.com\/wp-content\/uploads\/2020\/04\/work4-600x500.jpg\" class=\"attachment-ryancv_600xauto size-ryancv_600xauto wp-post-image\" alt=\"\" loading=\"lazy\" srcset=\"https:\/\/valentin-fautrel.com\/wp-content\/uploads\/2020\/04\/work4-600x500.jpg 600w, https:\/\/valentin-fautrel.com\/wp-content\/uploads\/2020\/04\/work4-300x250.jpg 300w, https:\/\/valentin-fautrel.com\/wp-content\/uploads\/2020\/04\/work4.jpg 700w\" sizes=\"(max-width: 600px) 100vw, 600px\" \/>\t\t\t\t\t\t\t\t\t<span class=\"info\">\n\t\t\t\t\t\t\t\t\t\t<span class=\"ion fas fa-plus\"><\/span>\n\t\t\t\t\t\t\t\t\t<\/span>\n\t\t\t\t\t\t\t\t<\/a>\n\t\t\t\t\t\t\t\t\t\t\t\t\t\t\t\t\t\t\t\t\t<\/div>\n\t\t\t\t\t\t<div class=\"desc\">\n\t\t\t\t\t\t\t\t\t\t\t\t\t\t\t<a href=\"https:\/\/valentin-fautrel.com\/index.php\/portfolio-archive\/video-intro\/\" class=\"name\">Gestion de communaut\u00e9<\/a>\n\t\t\t\t\t\t\t\n\t\t\t\t\t\t\t\t\t\t\t\t\t\t\t<div class=\"category\">Engagement <\/div>\n\t\t\t\t\t\t\t\t\t\t\t\t\t<\/div>\n\n\t\t\t\t\t\t\t\t\t\t\t\t<div id=\"popup-547\" class=\"popup-box mfp-fade mfp-hide\">\n\t\t\t\t\t\t\t<div class=\"content\">\n\t\t\t\t\t\t\t\t<div class=\"preloader-popup\">\n\t\t\t\t\t\t\t\t\t<div class=\"centrize full-width\">\n\t\t\t\t\t\t\t\t\t\t<div class=\"vertical-center\">\n\t\t\t\t\t\t\t\t\t\t\t<div class=\"spinner default-circle\"><\/div>\n\t\t\t\t\t\t\t\t\t\t<\/div>\n\t\t\t\t\t\t\t\t\t<\/div>\n\t\t\t\t\t\t\t\t<\/div>\n\t\t\t\t\t\t\t<\/div>\n\t\t\t\t\t\t<\/div>\n\t\t\t\t\t\t\t\t\t\t\t<\/div>\n\t\t\t\t<\/div>\n\t\t\t\t\t\t\t\t\n\t\t\t\t<!-- work item -->\n\t\t\t\t<div class=\"col col-d-6 col-t-6 col-m-12 border-line-h grid-item f-data \">\n\t\t\t\t\t<div class=\"box-item\">\n\t\t\t\t\t\t<div class=\"image\">\n\t\t\t\t\t\t\t\t\t\t\t\t\t\t\t<a href=\"#popup-548\" class=\"has-popup-media\">\n\t\t\t\t\t\t\t\t\t<img width=\"600\" height=\"700\" src=\"https:\/\/valentin-fautrel.com\/wp-content\/uploads\/2020\/04\/work5-600x700.jpg\" class=\"attachment-ryancv_600xauto size-ryancv_600xauto wp-post-image\" alt=\"\" loading=\"lazy\" srcset=\"https:\/\/valentin-fautrel.com\/wp-content\/uploads\/2020\/04\/work5-600x700.jpg 600w, https:\/\/valentin-fautrel.com\/wp-content\/uploads\/2020\/04\/work5-257x300.jpg 257w, https:\/\/valentin-fautrel.com\/wp-content\/uploads\/2020\/04\/work5.jpg 700w\" sizes=\"(max-width: 600px) 100vw, 600px\" \/>\t\t\t\t\t\t\t\t\t<span class=\"info\">\n\t\t\t\t\t\t\t\t\t\t<span class=\"ion fas fa-plus\"><\/span>\n\t\t\t\t\t\t\t\t\t<\/span>\n\t\t\t\t\t\t\t\t<\/a>\n\t\t\t\t\t\t\t\t\t\t\t\t\t\t\t\t\t\t\t\t\t<\/div>\n\t\t\t\t\t\t<div class=\"desc\">\n\t\t\t\t\t\t\t\t\t\t\t\t\t\t\t<a href=\"https:\/\/valentin-fautrel.com\/index.php\/portfolio-archive\/69\/\" class=\"name\">Cr\u00e9ation d&rsquo;une base clients<\/a>\n\t\t\t\t\t\t\t\n\t\t\t\t\t\t\t\t\t\t\t\t\t\t\t<div class=\"category\">Data <\/div>\n\t\t\t\t\t\t\t\t\t\t\t\t\t<\/div>\n\n\t\t\t\t\t\t\t\t\t\t\t\t<div id=\"popup-548\" class=\"popup-box mfp-fade mfp-hide\">\n\t\t\t\t\t\t\t<div class=\"content\">\n\t\t\t\t\t\t\t\t<div class=\"preloader-popup\">\n\t\t\t\t\t\t\t\t\t<div class=\"centrize full-width\">\n\t\t\t\t\t\t\t\t\t\t<div class=\"vertical-center\">\n\t\t\t\t\t\t\t\t\t\t\t<div class=\"spinner default-circle\"><\/div>\n\t\t\t\t\t\t\t\t\t\t<\/div>\n\t\t\t\t\t\t\t\t\t<\/div>\n\t\t\t\t\t\t\t\t<\/div>\n\t\t\t\t\t\t\t<\/div>\n\t\t\t\t\t\t<\/div>\n\t\t\t\t\t\t\t\t\t\t\t<\/div>\n\t\t\t\t<\/div>\n\t\t\t\t\t\t\t\t\n\t\t\t\t<!-- work item -->\n\t\t\t\t<div class=\"col col-d-6 col-t-6 col-m-12 border-line-h grid-item f-engagement \">\n\t\t\t\t\t<div class=\"box-item\">\n\t\t\t\t\t\t<div class=\"image\">\n\t\t\t\t\t\t\t\t\t\t\t\t\t\t\t<a href=\"#popup-549\" class=\"has-popup-media\">\n\t\t\t\t\t\t\t\t\t<img width=\"600\" height=\"450\" src=\"https:\/\/valentin-fautrel.com\/wp-content\/uploads\/2020\/04\/work8-600x450.jpg\" class=\"attachment-ryancv_600xauto size-ryancv_600xauto wp-post-image\" alt=\"\" loading=\"lazy\" srcset=\"https:\/\/valentin-fautrel.com\/wp-content\/uploads\/2020\/04\/work8-600x450.jpg 600w, https:\/\/valentin-fautrel.com\/wp-content\/uploads\/2020\/04\/work8-300x225.jpg 300w, https:\/\/valentin-fautrel.com\/wp-content\/uploads\/2020\/04\/work8.jpg 700w\" sizes=\"(max-width: 600px) 100vw, 600px\" \/>\t\t\t\t\t\t\t\t\t<span class=\"info\">\n\t\t\t\t\t\t\t\t\t\t<span class=\"ion fas fa-plus\"><\/span>\n\t\t\t\t\t\t\t\t\t<\/span>\n\t\t\t\t\t\t\t\t<\/a>\n\t\t\t\t\t\t\t\t\t\t\t\t\t\t\t\t\t\t\t\t\t<\/div>\n\t\t\t\t\t\t<div class=\"desc\">\n\t\t\t\t\t\t\t\t\t\t\t\t\t\t\t<a href=\"https:\/\/valentin-fautrel.com\/index.php\/portfolio-archive\/64\/\" class=\"name\">R\u00e9alisation d&rsquo;\u00e9v\u00e9nements<\/a>\n\t\t\t\t\t\t\t\n\t\t\t\t\t\t\t\t\t\t\t\t\t\t\t<div class=\"category\">Engagement <\/div>\n\t\t\t\t\t\t\t\t\t\t\t\t\t<\/div>\n\n\t\t\t\t\t\t\t\t\t\t\t\t<div id=\"popup-549\" class=\"popup-box mfp-fade mfp-hide\">\n\t\t\t\t\t\t\t<div class=\"content\">\n\t\t\t\t\t\t\t\t<div class=\"preloader-popup\">\n\t\t\t\t\t\t\t\t\t<div class=\"centrize full-width\">\n\t\t\t\t\t\t\t\t\t\t<div class=\"vertical-center\">\n\t\t\t\t\t\t\t\t\t\t\t<div class=\"spinner default-circle\"><\/div>\n\t\t\t\t\t\t\t\t\t\t<\/div>\n\t\t\t\t\t\t\t\t\t<\/div>\n\t\t\t\t\t\t\t\t<\/div>\n\t\t\t\t\t\t\t<\/div>\n\t\t\t\t\t\t<\/div>\n\t\t\t\t\t\t\t\t\t\t\t<\/div>\n\t\t\t\t<\/div>\n\t\t\t\t\n\t\t\t\t<div class=\"clear\"><\/div>\n\t\t\t<\/div>\n\t\t\t\n\t\t<\/div>\n\n\t\t\t\t<\/div>\n\t\t\t\t<\/div>\n\t\t\t\t\t<\/div>\n\t\t<\/div>\n\t\t\t\t\t\t\t<\/div>\n\t\t<\/section>\n\t\t\t\t\t\t<\/div>\n\t\t\t\t\t<\/div>\n\t\t","protected":false},"excerpt":{"rendered":"<p>Travaux All Lean Engagement Digital Data Plan d&rsquo;engagement client Engagement Refonte de process Lean Am\u00e9lioration de plateforme SaaS Digital Mise&#8230;<\/p>\n","protected":false},"author":1,"featured_media":0,"parent":0,"menu_order":0,"comment_status":"closed","ping_status":"closed","template":"template-elementor-builder.php","meta":{"_mi_skip_tracking":false},"aioseo_notices":[],"yoast_head":"<!-- This site is optimized with the Yoast SEO plugin v17.8 - https:\/\/yoast.com\/wordpress\/plugins\/seo\/ -->\n<title>(fr) Travaux - Customer Success Manager<\/title>\n<meta name=\"robots\" content=\"index, follow, max-snippet:-1, max-image-preview:large, max-video-preview:-1\" \/>\n<link rel=\"canonical\" href=\"https:\/\/valentin-fautrel.com\/index.php\/works-e-2\/\" \/>\n<meta property=\"og:locale\" content=\"fr_FR\" \/>\n<meta property=\"og:type\" content=\"article\" \/>\n<meta property=\"og:title\" content=\"(fr) Travaux - Customer Success Manager\" \/>\n<meta property=\"og:description\" content=\"Travaux All Lean Engagement Digital Data Plan d&rsquo;engagement client Engagement Refonte de process Lean Am\u00e9lioration de plateforme SaaS Digital Mise...\" \/>\n<meta property=\"og:url\" content=\"https:\/\/valentin-fautrel.com\/index.php\/works-e-2\/\" \/>\n<meta property=\"og:site_name\" content=\"Customer Success Manager\" \/>\n<meta property=\"article:modified_time\" content=\"2022-08-27T02:34:06+00:00\" \/>\n<meta property=\"og:image\" content=\"http:\/\/valentin-fautrel.com\/wp-content\/uploads\/2021\/02\/CustomerEngagement-600x375.jpg\" \/>\n<meta name=\"twitter:card\" content=\"summary_large_image\" \/>\n<meta name=\"twitter:label1\" content=\"Dur\u00e9e de lecture estim\u00e9e\" \/>\n\t<meta name=\"twitter:data1\" content=\"2 minutes\" \/>\n<script type=\"application\/ld+json\" class=\"yoast-schema-graph\">{\"@context\":\"https:\/\/schema.org\",\"@graph\":[{\"@type\":\"WebSite\",\"@id\":\"https:\/\/valentin-fautrel.com\/#website\",\"url\":\"https:\/\/valentin-fautrel.com\/\",\"name\":\"Customer Success Manager\",\"description\":\"Customer Success Manager\",\"potentialAction\":[{\"@type\":\"SearchAction\",\"target\":{\"@type\":\"EntryPoint\",\"urlTemplate\":\"https:\/\/valentin-fautrel.com\/?s={search_term_string}\"},\"query-input\":\"required name=search_term_string\"}],\"inLanguage\":\"fr-FR\"},{\"@type\":\"ImageObject\",\"@id\":\"https:\/\/valentin-fautrel.com\/index.php\/works-e-2\/#primaryimage\",\"inLanguage\":\"fr-FR\",\"url\":\"http:\/\/valentin-fautrel.com\/wp-content\/uploads\/2021\/02\/CustomerEngagement-600x375.jpg\",\"contentUrl\":\"http:\/\/valentin-fautrel.com\/wp-content\/uploads\/2021\/02\/CustomerEngagement-600x375.jpg\"},{\"@type\":\"WebPage\",\"@id\":\"https:\/\/valentin-fautrel.com\/index.php\/works-e-2\/#webpage\",\"url\":\"https:\/\/valentin-fautrel.com\/index.php\/works-e-2\/\",\"name\":\"(fr) Travaux - Customer Success Manager\",\"isPartOf\":{\"@id\":\"https:\/\/valentin-fautrel.com\/#website\"},\"primaryImageOfPage\":{\"@id\":\"https:\/\/valentin-fautrel.com\/index.php\/works-e-2\/#primaryimage\"},\"datePublished\":\"2020-04-28T13:14:00+00:00\",\"dateModified\":\"2022-08-27T02:34:06+00:00\",\"breadcrumb\":{\"@id\":\"https:\/\/valentin-fautrel.com\/index.php\/works-e-2\/#breadcrumb\"},\"inLanguage\":\"fr-FR\",\"potentialAction\":[{\"@type\":\"ReadAction\",\"target\":[\"https:\/\/valentin-fautrel.com\/index.php\/works-e-2\/\"]}]},{\"@type\":\"BreadcrumbList\",\"@id\":\"https:\/\/valentin-fautrel.com\/index.php\/works-e-2\/#breadcrumb\",\"itemListElement\":[{\"@type\":\"ListItem\",\"position\":1,\"name\":\"Accueil\",\"item\":\"https:\/\/valentin-fautrel.com\/\"},{\"@type\":\"ListItem\",\"position\":2,\"name\":\"(fr) Travaux\"}]}]}<\/script>\n<!-- \/ Yoast SEO plugin. -->","yoast_head_json":{"title":"(fr) Travaux - Customer Success Manager","robots":{"index":"index","follow":"follow","max-snippet":"max-snippet:-1","max-image-preview":"max-image-preview:large","max-video-preview":"max-video-preview:-1"},"canonical":"https:\/\/valentin-fautrel.com\/index.php\/works-e-2\/","og_locale":"fr_FR","og_type":"article","og_title":"(fr) Travaux - Customer Success Manager","og_description":"Travaux All Lean Engagement Digital Data Plan d&rsquo;engagement client Engagement Refonte de process Lean Am\u00e9lioration de plateforme SaaS Digital Mise...","og_url":"https:\/\/valentin-fautrel.com\/index.php\/works-e-2\/","og_site_name":"Customer Success Manager","article_modified_time":"2022-08-27T02:34:06+00:00","og_image":[{"url":"http:\/\/valentin-fautrel.com\/wp-content\/uploads\/2021\/02\/CustomerEngagement-600x375.jpg"}],"twitter_card":"summary_large_image","twitter_misc":{"Dur\u00e9e de lecture estim\u00e9e":"2 minutes"},"schema":{"@context":"https:\/\/schema.org","@graph":[{"@type":"WebSite","@id":"https:\/\/valentin-fautrel.com\/#website","url":"https:\/\/valentin-fautrel.com\/","name":"Customer Success Manager","description":"Customer Success Manager","potentialAction":[{"@type":"SearchAction","target":{"@type":"EntryPoint","urlTemplate":"https:\/\/valentin-fautrel.com\/?s={search_term_string}"},"query-input":"required name=search_term_string"}],"inLanguage":"fr-FR"},{"@type":"ImageObject","@id":"https:\/\/valentin-fautrel.com\/index.php\/works-e-2\/#primaryimage","inLanguage":"fr-FR","url":"http:\/\/valentin-fautrel.com\/wp-content\/uploads\/2021\/02\/CustomerEngagement-600x375.jpg","contentUrl":"http:\/\/valentin-fautrel.com\/wp-content\/uploads\/2021\/02\/CustomerEngagement-600x375.jpg"},{"@type":"WebPage","@id":"https:\/\/valentin-fautrel.com\/index.php\/works-e-2\/#webpage","url":"https:\/\/valentin-fautrel.com\/index.php\/works-e-2\/","name":"(fr) Travaux - Customer Success Manager","isPartOf":{"@id":"https:\/\/valentin-fautrel.com\/#website"},"primaryImageOfPage":{"@id":"https:\/\/valentin-fautrel.com\/index.php\/works-e-2\/#primaryimage"},"datePublished":"2020-04-28T13:14:00+00:00","dateModified":"2022-08-27T02:34:06+00:00","breadcrumb":{"@id":"https:\/\/valentin-fautrel.com\/index.php\/works-e-2\/#breadcrumb"},"inLanguage":"fr-FR","potentialAction":[{"@type":"ReadAction","target":["https:\/\/valentin-fautrel.com\/index.php\/works-e-2\/"]}]},{"@type":"BreadcrumbList","@id":"https:\/\/valentin-fautrel.com\/index.php\/works-e-2\/#breadcrumb","itemListElement":[{"@type":"ListItem","position":1,"name":"Accueil","item":"https:\/\/valentin-fautrel.com\/"},{"@type":"ListItem","position":2,"name":"(fr) Travaux"}]}]}},"_links":{"self":[{"href":"https:\/\/valentin-fautrel.com\/index.php\/wp-json\/wp\/v2\/pages\/46"}],"collection":[{"href":"https:\/\/valentin-fautrel.com\/index.php\/wp-json\/wp\/v2\/pages"}],"about":[{"href":"https:\/\/valentin-fautrel.com\/index.php\/wp-json\/wp\/v2\/types\/page"}],"author":[{"embeddable":true,"href":"https:\/\/valentin-fautrel.com\/index.php\/wp-json\/wp\/v2\/users\/1"}],"replies":[{"embeddable":true,"href":"https:\/\/valentin-fautrel.com\/index.php\/wp-json\/wp\/v2\/comments?post=46"}],"version-history":[{"count":3,"href":"https:\/\/valentin-fautrel.com\/index.php\/wp-json\/wp\/v2\/pages\/46\/revisions"}],"predecessor-version":[{"id":831,"href":"https:\/\/valentin-fautrel.com\/index.php\/wp-json\/wp\/v2\/pages\/46\/revisions\/831"}],"wp:attachment":[{"href":"https:\/\/valentin-fautrel.com\/index.php\/wp-json\/wp\/v2\/media?parent=46"}],"curies":[{"name":"wp","href":"https:\/\/api.w.org\/{rel}","templated":true}]}}